{"id":263,"date":"2021-05-02T14:39:19","date_gmt":"2021-05-02T12:39:19","guid":{"rendered":"http:\/\/pikko.fr\/?page_id=263"},"modified":"2021-05-02T14:51:02","modified_gmt":"2021-05-02T12:51:02","slug":"nos-services-2","status":"publish","type":"page","link":"https:\/\/pikko.fr\/?page_id=263","title":{"rendered":"Nos services"},"content":{"rendered":"\n<p style=\"font-size:25px\"><strong>Architecture d&rsquo;int\u00e9rieur<\/strong><\/p>\n\n\n\n<p><strong>Pourquoi faire appel \u00e0 un architecte d&rsquo;int\u00e9rieur ?<\/strong><\/p>\n\n\n\n<p>L\u2019exp\u00e9rience d\u2019un architecte d\u2019int\u00e9rieur vous permet d\u2019anticiper toutes les donn\u00e9es de votre projet d&rsquo;am\u00e9nagement avant de commencer les travaux de r\u00e9novation de votre logement : faisabilit\u00e9 du projet, budget \u00e0 pr\u00e9voir.<\/p>\n\n\n\n<figure class=\"wp-block-image size-large\"><img loading=\"lazy\" width=\"1024\" height=\"683\" src=\"http:\/\/pikko.fr\/wp-content\/uploads\/2021\/05\/C-02-1-1024x683.jpg\" alt=\"\" class=\"wp-image-270\" srcset=\"https:\/\/pikko.fr\/wp-content\/uploads\/2021\/05\/C-02-1-1024x683.jpg 1024w, https:\/\/pikko.fr\/wp-content\/uploads\/2021\/05\/C-02-1-300x200.jpg 300w, https:\/\/pikko.fr\/wp-content\/uploads\/2021\/05\/C-02-1-768x512.jpg 768w, https:\/\/pikko.fr\/wp-content\/uploads\/2021\/05\/C-02-1-1536x1024.jpg 1536w, https:\/\/pikko.fr\/wp-content\/uploads\/2021\/05\/C-02-1.jpg 1620w\" sizes=\"(max-width: 1024px) 100vw, 1024px\" \/><\/figure>\n\n\n\n<p>B\u00e9n\u00e9ficier de notre expertise pour le choix de vos mat\u00e9riaux, de vos couleurs, de votre mobilier et de vos \u00e9quipements. Notre regard vous permettra d\u2019optimiser le potentiel de votre int\u00e9rieur et de faire les bons choix en mati\u00e8re d&rsquo;am\u00e9nagement et de d\u00e9coration. Nous vous accompagnerons pour vous aider \u00e0 vous projeter dans votre nouvel appartement \/ votre nouvelle maison \u00e0 travers des \u00e9l\u00e9ments graphiques : esquisses, plans, rendus 3D.<\/p>\n\n\n\n<figure class=\"wp-block-image size-large\"><img loading=\"lazy\" width=\"1024\" height=\"722\" src=\"http:\/\/pikko.fr\/wp-content\/uploads\/2021\/05\/6-1-1024x722.jpg\" alt=\"\" class=\"wp-image-271\" srcset=\"https:\/\/pikko.fr\/wp-content\/uploads\/2021\/05\/6-1-1024x722.jpg 1024w, https:\/\/pikko.fr\/wp-content\/uploads\/2021\/05\/6-1-300x211.jpg 300w, https:\/\/pikko.fr\/wp-content\/uploads\/2021\/05\/6-1-768x541.jpg 768w, https:\/\/pikko.fr\/wp-content\/uploads\/2021\/05\/6-1-1536x1083.jpg 1536w, https:\/\/pikko.fr\/wp-content\/uploads\/2021\/05\/6-1-2048x1444.jpg 2048w\" sizes=\"(max-width: 1024px) 100vw, 1024px\" \/><\/figure>\n\n\n\n<p>Avec nous, vous pourrez obtenir les devis les plus justes possible des entreprises g\u00e9n\u00e9rales de b\u00e2timent \u00e0 Deauville et ses environs : ma\u00e7onnerie, \u00e9lectricit\u00e9, plomberie, menuiserie, peinture, etc. Chez Deauville nous mettons notre expertise \u00e0 votre service depuis plus de 20 ans !<\/p>\n\n\n\n<p><\/p>\n\n\n\n<p style=\"font-size:25px\"><strong>D\u00e9coration d&rsquo;int\u00e9rieur<\/strong><\/p>\n\n\n\n<p><strong>Que m&rsquo;apportera un d\u00e9corateur d&rsquo;int\u00e9rieur ?<\/strong><\/p>\n\n\n\n<p>L\u2019expertise d\u2019un d\u00e9corateur d\u2019int\u00e9rieur (parfois appel\u00e9, designer d\u2019int\u00e9rieur) apporte de nouvelles perspectives et un regard professionnel sur votre int\u00e9rieur. Nous vous indiquons les angles d\u2019am\u00e9lioration pour rendre votre int\u00e9rieur plus lumineux, pratique et confortable. Par exemple, placer un canap\u00e9 devant une fen\u00eatre ou dans un angle peut avoir une influence cruciale sur des aspects importants tels que la luminosit\u00e9 ou la facilit\u00e9 de circulation.<\/p>\n\n\n\n<figure class=\"wp-block-image size-large\"><img loading=\"lazy\" width=\"1024\" height=\"719\" src=\"http:\/\/pikko.fr\/wp-content\/uploads\/2021\/05\/2a-1024x719.jpg\" alt=\"\" class=\"wp-image-114\" srcset=\"https:\/\/pikko.fr\/wp-content\/uploads\/2021\/05\/2a-1024x719.jpg 1024w, https:\/\/pikko.fr\/wp-content\/uploads\/2021\/05\/2a-300x211.jpg 300w, https:\/\/pikko.fr\/wp-content\/uploads\/2021\/05\/2a-768x539.jpg 768w, https:\/\/pikko.fr\/wp-content\/uploads\/2021\/05\/2a-1536x1078.jpg 1536w, https:\/\/pikko.fr\/wp-content\/uploads\/2021\/05\/2a-2048x1437.jpg 2048w\" sizes=\"(max-width: 1024px) 100vw, 1024px\" \/><\/figure>\n\n\n\n<p>Avec nous, vous pourrez confirmer vos id\u00e9es et d\u2019affirmer vos envies. Nous nous pla\u00e7ons en tant que coach pour que vous puissiez affirmer votre style d\u2019int\u00e9rieur. Vous avez toujours souhait\u00e9 avoir un mur de couleur, sans oser vous lancer ? Nous saurons vous confirmer le meilleur emplacement et le coloris id\u00e9al pour ce mur.<\/p>\n\n\n\n<figure class=\"wp-block-image size-large\"><img loading=\"lazy\" width=\"720\" height=\"960\" src=\"http:\/\/pikko.fr\/wp-content\/uploads\/2021\/05\/41738512_513009172505899_7908088811270176768_n.jpeg\" alt=\"\" class=\"wp-image-115\" srcset=\"https:\/\/pikko.fr\/wp-content\/uploads\/2021\/05\/41738512_513009172505899_7908088811270176768_n.jpeg 720w, https:\/\/pikko.fr\/wp-content\/uploads\/2021\/05\/41738512_513009172505899_7908088811270176768_n-225x300.jpeg 225w\" sizes=\"(max-width: 720px) 100vw, 720px\" \/><\/figure>\n\n\n\n<p>Nous serons une force de proposition en termes de style et d\u2019univers personnalis\u00e9. Concept Int\u00e9rieur vous accompagne afin de cr\u00e9er le d\u00e9cor qui vous ressemble et pourrait m\u00eame r\u00e9v\u00e9ler chez vous des go\u00fbts insoup\u00e7onn\u00e9s. Par exemple, si vous aimez le style vintage et les objets design, notre \u00e9quipe vous d\u00e9nichera un fauteuil d\u2019exception pour habiller une pi\u00e8ce.<\/p>\n\n\n\n<p><\/p>\n\n\n\n<p style=\"font-size:25px\"><strong>Ma\u00eetrise d&rsquo;oeuvre<\/strong><\/p>\n\n\n\n<p><strong>Nos obligations en tant que ma\u00eetre d&rsquo;oeuvre<\/strong><\/p>\n\n\n\n<p>Nous assurons le suivi de votre chantier et la bonne coordination de vos travaux. Nous mobilisons toutes nos ressources pour garantir la livraison finale de votre projet dans les meilleurs d\u00e9lais tout en nous conformant \u00e0 tous les points de votre cahier de charge.<\/p>\n\n\n\n<figure class=\"wp-block-image size-large\"><img loading=\"lazy\" width=\"640\" height=\"480\" src=\"http:\/\/pikko.fr\/wp-content\/uploads\/2021\/05\/A04-2.jpg\" alt=\"\" class=\"wp-image-164\" srcset=\"https:\/\/pikko.fr\/wp-content\/uploads\/2021\/05\/A04-2.jpg 640w, https:\/\/pikko.fr\/wp-content\/uploads\/2021\/05\/A04-2-300x225.jpg 300w\" sizes=\"(max-width: 640px) 100vw, 640px\" \/><\/figure>\n\n\n\n<p>Notre r\u00f4le de ma\u00eetre d\u2019\u0153uvre implique plusieurs responsabilit\u00e9s. Nous sommes avant tout votre interm\u00e9diaire privil\u00e9gi\u00e9, ainsi nous s\u00e9lectionnons rigoureusement les ouvriers et artisans qui interviendront sur votre chantier pour garantir la bonne ex\u00e9cution de celui-ci.<\/p>\n\n\n\n<figure class=\"wp-block-image size-large\"><img loading=\"lazy\" width=\"1024\" height=\"1024\" src=\"http:\/\/pikko.fr\/wp-content\/uploads\/2021\/05\/L-08-1024x1024.jpg\" alt=\"\" class=\"wp-image-119\" srcset=\"https:\/\/pikko.fr\/wp-content\/uploads\/2021\/05\/L-08-1024x1024.jpg 1024w, https:\/\/pikko.fr\/wp-content\/uploads\/2021\/05\/L-08-300x300.jpg 300w, https:\/\/pikko.fr\/wp-content\/uploads\/2021\/05\/L-08-150x150.jpg 150w, https:\/\/pikko.fr\/wp-content\/uploads\/2021\/05\/L-08-768x768.jpg 768w, https:\/\/pikko.fr\/wp-content\/uploads\/2021\/05\/L-08-1536x1536.jpg 1536w, https:\/\/pikko.fr\/wp-content\/uploads\/2021\/05\/L-08-100x100.jpg 100w, https:\/\/pikko.fr\/wp-content\/uploads\/2021\/05\/L-08.jpg 1632w\" sizes=\"(max-width: 1024px) 100vw, 1024px\" \/><\/figure>\n\n\n\n<p>Le ma\u00eetre d\u2019\u0153uvre id\u00e9al se d\u00e9marque de ses concurrents par le respect des d\u00e9lais. C&rsquo;est pourquoi chez Concept Int\u00e9rieur, nous veillons \u00e0 ce que chaque intervenant exerce parfaitement ses responsabilit\u00e9s afin d\u2019assurer la fluidit\u00e9 lors de l\u2019ex\u00e9cution des travaux. Notre \u00e9quipe dispose d&rsquo;une solide exp\u00e9rience dans ce domaine, ainsi au fil du temps nous avons \u00e9toff\u00e9 notre carnet de contact pour vous proposer le meilleur pour vos projets.<\/p>\n","protected":false},"excerpt":{"rendered":"<p>Architecture d&rsquo;int\u00e9rieur Pourquoi faire appel \u00e0 un architecte d&rsquo;int\u00e9rieur ? L\u2019exp\u00e9rience d\u2019un architecte d\u2019int\u00e9rieur vous permet d\u2019anticiper toutes les donn\u00e9es de votre projet d&rsquo;am\u00e9nagement avant de commencer les travaux de r\u00e9novation de votre logement : faisabilit\u00e9 du projet, budget \u00e0 pr\u00e9voir. B\u00e9n\u00e9ficier de notre expertise pour le choix de vos mat\u00e9riaux, de vos couleurs, de [&hellip;]<\/p>\n","protected":false},"author":1,"featured_media":0,"parent":0,"menu_order":0,"comment_status":"closed","ping_status":"closed","template":"","meta":[],"_links":{"self":[{"href":"https:\/\/pikko.fr\/index.php?rest_route=\/wp\/v2\/pages\/263"}],"collection":[{"href":"https:\/\/pikko.fr\/index.php?rest_route=\/wp\/v2\/pages"}],"about":[{"href":"https:\/\/pikko.fr\/index.php?rest_route=\/wp\/v2\/types\/page"}],"author":[{"embeddable":true,"href":"https:\/\/pikko.fr\/index.php?rest_route=\/wp\/v2\/users\/1"}],"replies":[{"embeddable":true,"href":"https:\/\/pikko.fr\/index.php?rest_route=%2Fwp%2Fv2%2Fcomments&post=263"}],"version-history":[{"count":2,"href":"https:\/\/pikko.fr\/index.php?rest_route=\/wp\/v2\/pages\/263\/revisions"}],"predecessor-version":[{"id":272,"href":"https:\/\/pikko.fr\/index.php?rest_route=\/wp\/v2\/pages\/263\/revisions\/272"}],"wp:attachment":[{"href":"https:\/\/pikko.fr\/index.php?rest_route=%2Fwp%2Fv2%2Fmedia&parent=263"}],"curies":[{"name":"wp","href":"https:\/\/api.w.org\/{rel}","templated":true}]}}