{"id":11,"date":"2021-03-15T18:08:07","date_gmt":"2021-03-15T17:08:07","guid":{"rendered":"http:\/\/pikko.fr\/?page_id=11"},"modified":"2021-05-02T15:03:04","modified_gmt":"2021-05-02T13:03:04","slug":"une-section-de-page-daccueil","status":"publish","type":"page","link":"https:\/\/pikko.fr\/?page_id=11","title":{"rendered":"Nos r\u00e9alisations"},"content":{"rendered":"<h1><strong>D\u00e9couvrez nos r\u00e9alisations !<\/strong><\/h1>\n<p>Harmonisation d&rsquo;espaces, cr\u00e9ation de d\u00e9cors, red\u00e9finition de l&rsquo;agencement int\u00e9rieur ou encore constructions de la conception du projet \u00e0 la remise des clefs, vous trouverez ici la galerie compl\u00e8te de nos r\u00e9alisations de ces derni\u00e8res ann\u00e9es. <!--more--><span style=\"font-size: inherit;\">Pr\u00e9sent depuis plus de 20 ans \u00e0 Deauville, nous avons r\u00e9alis\u00e9 de nombreux projets aussi bien en am\u00e9nagement d&rsquo;int\u00e9rieur qu&rsquo;en ma\u00eetrise d&rsquo;oeuvre.<\/span><\/p>\n\n\n<figure class=\"wp-block-image size-large\"><img loading=\"lazy\" width=\"1024\" height=\"683\" src=\"http:\/\/pikko.fr\/wp-content\/uploads\/2021\/05\/C-01-1024x683.jpg\" alt=\"\" class=\"wp-image-279\" srcset=\"https:\/\/pikko.fr\/wp-content\/uploads\/2021\/05\/C-01-1024x683.jpg 1024w, https:\/\/pikko.fr\/wp-content\/uploads\/2021\/05\/C-01-300x200.jpg 300w, https:\/\/pikko.fr\/wp-content\/uploads\/2021\/05\/C-01-768x512.jpg 768w, https:\/\/pikko.fr\/wp-content\/uploads\/2021\/05\/C-01-1536x1024.jpg 1536w, https:\/\/pikko.fr\/wp-content\/uploads\/2021\/05\/C-01.jpg 1620w\" sizes=\"(max-width: 1024px) 100vw, 1024px\" \/><\/figure>\n\n\n\n<p>Certains projets \u00e9taient uniquement sur du neuf tandis que d&rsquo;autre \u00e9taient sur de l&rsquo;ancien, nous devons constamment nous adapter pour \u00eatre conforme \u00e0 vos envies tout en respectant le lieu. Si vous voulez voir plus concr\u00e8tement les r\u00e9sultats de nos projets, vous \u00eates au bon endroit ! Que souhaitez-vous d\u00e9couvrir ?<\/p>\n\n\n\n<div class=\"wp-block-buttons\">\n<div class=\"wp-block-button\"><a class=\"wp-block-button__link\" href=\"http:\/\/pikko.fr\/?page_id=96\">Nos projets livr\u00e9s<\/a><\/div>\n\n\n\n<div class=\"wp-block-button\"><a class=\"wp-block-button__link\" href=\"http:\/\/pikko.fr\/?page_id=98\">Nos projets en cours<\/a><\/div>\n\n\n\n<div class=\"wp-block-button\"><a class=\"wp-block-button__link\" href=\"http:\/\/pikko.fr\/?page_id=100\">Nos Avant \/ Apr\u00e8s<\/a><\/div>\n<\/div>\n","protected":false},"excerpt":{"rendered":"<p>D\u00e9couvrez nos r\u00e9alisations ! Harmonisation d&rsquo;espaces, cr\u00e9ation de d\u00e9cors, red\u00e9finition de l&rsquo;agencement int\u00e9rieur ou encore constructions de la conception du projet \u00e0 la remise des clefs, vous trouverez ici la galerie compl\u00e8te de nos r\u00e9alisations de ces derni\u00e8res ann\u00e9es.<\/p>\n","protected":false},"author":1,"featured_media":53,"parent":0,"menu_order":0,"comment_status":"closed","ping_status":"closed","template":"","meta":[],"_links":{"self":[{"href":"https:\/\/pikko.fr\/index.php?rest_route=\/wp\/v2\/pages\/11"}],"collection":[{"href":"https:\/\/pikko.fr\/index.php?rest_route=\/wp\/v2\/pages"}],"about":[{"href":"https:\/\/pikko.fr\/index.php?rest_route=\/wp\/v2\/types\/page"}],"author":[{"embeddable":true,"href":"https:\/\/pikko.fr\/index.php?rest_route=\/wp\/v2\/users\/1"}],"replies":[{"embeddable":true,"href":"https:\/\/pikko.fr\/index.php?rest_route=%2Fwp%2Fv2%2Fcomments&post=11"}],"version-history":[{"count":12,"href":"https:\/\/pikko.fr\/index.php?rest_route=\/wp\/v2\/pages\/11\/revisions"}],"predecessor-version":[{"id":281,"href":"https:\/\/pikko.fr\/index.php?rest_route=\/wp\/v2\/pages\/11\/revisions\/281"}],"wp:featuredmedia":[{"embeddable":true,"href":"https:\/\/pikko.fr\/index.php?rest_route=\/wp\/v2\/media\/53"}],"wp:attachment":[{"href":"https:\/\/pikko.fr\/index.php?rest_route=%2Fwp%2Fv2%2Fmedia&parent=11"}],"curies":[{"name":"wp","href":"https:\/\/api.w.org\/{rel}","templated":true}]}}